{"id":1811,"date":"2026-03-19T11:41:42","date_gmt":"2026-03-19T11:41:42","guid":{"rendered":"https:\/\/zcprokuplje.rs\/?page_id=1811"},"modified":"2026-04-06T07:26:30","modified_gmt":"2026-04-06T07:26:30","slug":"pravnaakta","status":"publish","type":"page","link":"https:\/\/zcprokuplje.rs\/?page_id=1811","title":{"rendered":"PravnaAkta"},"content":{"rendered":"\t\t<div data-elementor-type=\"wp-post\" data-elementor-id=\"1811\" class=\"elementor elementor-1811\">\n\t\t\t\t<div class=\"elementor-element elementor-element-4a2c9967 e-flex e-con-boxed e-con e-parent\" data-id=\"4a2c9967\" data-element_type=\"container\" data-e-type=\"container\" data-settings=\"{&quot;jet_parallax_layout_list&quot;:[]}\">\n\t\t\t\t\t<div class=\"e-con-inner\">\n\t\t\t\t<div class=\"elementor-element elementor-element-2888bf0c elementor-widget elementor-widget-raven-flex-spacer\" data-id=\"2888bf0c\" data-element_type=\"widget\" data-e-type=\"widget\" data-widget_type=\"raven-flex-spacer.default\">\n\t\t\t\t<div class=\"elementor-widget-container\">\n\t\t\t\t\t\t\t\t<div class=\"raven-spacer\">&nbsp;<\/div>\n\t\t\t\t\t\t<\/div>\n\t\t\t\t<\/div>\n\t\t\t\t\t<\/div>\n\t\t\t\t<\/div>\n\t\t<div class=\"elementor-element elementor-element-55de32f e-con-full e-flex e-con e-parent\" data-id=\"55de32f\" data-element_type=\"container\" data-e-type=\"container\" data-settings=\"{&quot;jet_parallax_layout_list&quot;:[]}\">\n\t\t\t\t<div class=\"elementor-element elementor-element-828ad31 elementor-invisible elementor-widget elementor-widget-heading\" data-id=\"828ad31\" data-element_type=\"widget\" data-e-type=\"widget\" data-settings=\"{&quot;_animation&quot;:&quot;fadeIn&quot;}\" data-widget_type=\"heading.default\">\n\t\t\t\t\t<h1 class=\"elementor-heading-title elementor-size-default\">PRAVNA AKTA ZC PROKUPLJE <\/h1>\t\t\t\t<\/div>\n\t\t\t\t<\/div>\n\t\t<div class=\"elementor-element elementor-element-522a2886 e-flex e-con-boxed e-con e-parent\" data-id=\"522a2886\" data-element_type=\"container\" data-e-type=\"container\" data-settings=\"{&quot;jet_parallax_layout_list&quot;:[]}\">\n\t\t\t\t\t<div class=\"e-con-inner\">\n\t\t\t\t<div class=\"elementor-element elementor-element-60705711 elementor-widget elementor-widget-wpdm-all-packages\" data-id=\"60705711\" data-element_type=\"widget\" data-e-type=\"widget\" data-widget_type=\"wpdm-all-packages.default\">\n\t\t\t\t<div class=\"elementor-widget-container\">\n\t\t\t\t\t<style>\n    .wpdmdt-toolbar {\n        padding: 10px;\n    }\n    .wpdmdt-toolbarb {\n        padding: 5px 10px 10px;\n    }\n    .wpdmdt-toolbar > div {\n        display: inline-block;\n    }\n    table,td,th{\n        border: 0;\n    }\n    #wpdm-all-packages .card{\n        overflow: hidden;\n    }\n    .dataTables_wrapper .table{\n        margin: 0;\n    }\n    #wpdmmydls-4aa9f8327ef1a943d9f1f81e04c5d46b{\n        border-bottom: 1px solid #dddddd;\n        border-top: 1px solid #dddddd;\n        font-size: 10pt;\n        min-width: 100%;\n    }\n    #wpdmmydls-4aa9f8327ef1a943d9f1f81e04c5d46b .wpdm-download-link img{\n        box-shadow: none !important;\n        max-width: 100%;\n    }\n    .w3eden .pagination{\n        margin: 0 !important;\n    }\n    #wpdmmydls-4aa9f8327ef1a943d9f1f81e04c5d46b td:not(:first-child){\n        vertical-align: middle !important;\n    }\n    #wpdmmydls-4aa9f8327ef1a943d9f1f81e04c5d46b td.__dt_col_download_link .btn{\n        display: flex;\n        width: 100%;\n    }\n    #wpdmmydls-4aa9f8327ef1a943d9f1f81e04c5d46b td.__dt_col_download_link,\n    #wpdmmydls-4aa9f8327ef1a943d9f1f81e04c5d46b th#download_link{\n        max-width: 155px !important;\n        width: 155px;\n\n    }\n    #wpdmmydls-4aa9f8327ef1a943d9f1f81e04c5d46b th{\n        background-color: rgba(0,0,0,0.04);\n        border-bottom: 1px solid rgba(0,0,0,0.025);\n    }\n    #wpdmmydls-4aa9f8327ef1a943d9f1f81e04c5d46b_length label,\n    #wpdmmydls-4aa9f8327ef1a943d9f1f81e04c5d46b_filter label{\n        font-weight: 400;\n    }\n    #wpdmmydls-4aa9f8327ef1a943d9f1f81e04c5d46b_filter input[type=search]{\n        display: inline-block;\n        width: 200px;\n    }\n    #wpdmmydls-4aa9f8327ef1a943d9f1f81e04c5d46b_length select{\n        display: inline-block;\n        width: 60px;\n    }\n\n    #wpdmmydls-4aa9f8327ef1a943d9f1f81e04c5d46b .package-title{\n        color:#36597C;\n        font-size: 11pt;\n        font-weight: 700;\n    }\n    #wpdmmydls-4aa9f8327ef1a943d9f1f81e04c5d46b .small-txt{\n        margin-right: 7px;\n    }\n    #wpdmmydls-4aa9f8327ef1a943d9f1f81e04c5d46b td{\n        min-width: 150px;\n    }\n\n    #wpdmmydls-4aa9f8327ef1a943d9f1f81e04c5d46b td.__dt_col_categories{\n        max-width: 300px;\n    }\n\n    #wpdmmydls-4aa9f8327ef1a943d9f1f81e04c5d46b .small-txt,\n    #wpdmmydls-4aa9f8327ef1a943d9f1f81e04c5d46b small{\n        font-size: 9pt;\n    }\n    .w3eden .table-striped tbody tr:nth-of-type(2n+1) {\n        background-color: rgba(0,0,0,0.015);\n    }\n    .dataTables_wrapper .dataTables_paginate .paginate_button:active,\n    .dataTables_wrapper .dataTables_paginate .paginate_button:focus,\n    .dataTables_wrapper .dataTables_paginate .paginate_button:hover,\n    .dataTables_wrapper .dataTables_paginate .paginate_button{\n        margin: 0 !important;\n        padding: 0 !important;\n        border: 0 !important;\n        background: transparent !important;\n    }\n\n\n    @media (max-width: 799px) {\n        #wpdmmydls-4aa9f8327ef1a943d9f1f81e04c5d46b tr {\n            display: block;\n            border: 3px solid rgba(0,0,0,0.3) !important;\n            margin-bottom: 10px !important;\n            position: relative;\n        }\n        #wpdmmydls-4aa9f8327ef1a943d9f1f81e04c5d46b thead{\n            display: none;\n        }\n        #wpdmmydls-4aa9f8327ef1a943d9f1f81e04c5d46b,\n        #wpdmmydls-4aa9f8327ef1a943d9f1f81e04c5d46b td:first-child {\n            border: 0 !important;\n        }\n        #wpdmmydls-4aa9f8327ef1a943d9f1f81e04c5d46b td {\n            display: block;\n        }\n        #wpdmmydls-4aa9f8327ef1a943d9f1f81e04c5d46b td.__dt_col_download_link {\n            display: block;\n            max-width: 100% !important;\n            width: auto !important;\n\n        }\n    }\n\n\n<\/style>\n<div class=\"w3eden\">\n    <div id=\"wpdm-all-packages\">\n        <table id=\"wpdmmydls-4aa9f8327ef1a943d9f1f81e04c5d46b\" class=\"table table-striped wpdm-all-packages-table\">\n            <thead>\n            <tr>\n                                <th style=\"width: 10% !important;max-width: 10% !important;\"  id=\"link\" class=\"\">Tip<\/th>\n                                <th style=\"\"  id=\"title\" class=\"hidden-sm hidden-xs\">Naziv<\/th>\n                                <th style=\"\"  id=\"downloadcount\" class=\"hidden-sm hidden-xs\">Broj preuzimanja<\/th>\n                                <th style=\"\"  id=\"filesize\" class=\"hidden-sm hidden-xs\">Veli\u010dina fajla<\/th>\n                                <th style=\"width: 120px !important;max-width: 120px !important;\"  id=\"downloadlink\" class=\"hidden-sm hidden-xs\">Preuzimanje<\/th>\n                \n            <\/tr>\n            <\/thead>\n            <tbody>\n            \n                    <tr class=\"__dt_row\">\n                                                <td  class=\"__dt_col_0 __dt_col __dt_col_link\" style=\"background-image: url('https:\/\/zcprokuplje.rs\/wp-content\/plugins\/download-manager\/assets\/file-type-icons\/pdf.svg');background-size: 36px;background-position: 5px 8px;background-repeat:  no-repeat;padding-left: 52px;line-height: normal;\">\n                            <div class=\"hidden-md hidden-lg td-mobile\"><\/div>\n\n                        <\/td>\n                                                <td  class=\"__dt_col_1 __dt_col __dt_col_title\" >\n                            <strong>Pravilnik o za\u0161titi podataka o li\u010dnosti<\/strong><br\/>\n\n                        <\/td>\n                                                <td  class=\"__dt_col_2 __dt_col __dt_col_download_count\" >\n                            <span class=\"hidden-md hidden-lg td-mobile\">Broj preuzimanja: <\/span><span class='__dt_download_count '>3<\/span>\n\n                        <\/td>\n                                                <td  class=\"__dt_col_3 __dt_col __dt_col_file_size\" >\n                            4.86 MB\n\n                        <\/td>\n                                                <td  class=\"__dt_col_4 __dt_col __dt_col_download_link\" >\n                            <a class='wpdm-download-link download-on-click btn btn-primary btn-sm' rel='nofollow' href='#' data-downloadurl=\"https:\/\/zcprokuplje.rs\/?wpdmpro=pravilnik-o-zastiti-podataka-o-licnos&wpdmdl=1895&refresh=69d7c89c709ca1775749276\">Download<\/a>\n\n                        <\/td>\n                        \n                    <\/tr>\n                \n                    <tr class=\"__dt_row\">\n                                                <td  class=\"__dt_col_0 __dt_col __dt_col_link\" style=\"background-image: url('https:\/\/zcprokuplje.rs\/wp-content\/plugins\/download-manager\/assets\/file-type-icons\/pdf.svg');background-size: 36px;background-position: 5px 8px;background-repeat:  no-repeat;padding-left: 52px;line-height: normal;\">\n                            <div class=\"hidden-md hidden-lg td-mobile\"><\/div>\n\n                        <\/td>\n                                                <td  class=\"__dt_col_1 __dt_col __dt_col_title\" >\n                            <strong>Pravilnik o bli\u017eim uslovima za sticanje prava na solidarnu pomo\u0107 za zaposlene u ZC Prokuplje<\/strong><br\/>\n\n                        <\/td>\n                                                <td  class=\"__dt_col_2 __dt_col __dt_col_download_count\" >\n                            <span class=\"hidden-md hidden-lg td-mobile\">Broj preuzimanja: <\/span><span class='__dt_download_count '>11<\/span>\n\n                        <\/td>\n                                                <td  class=\"__dt_col_3 __dt_col __dt_col_file_size\" >\n                            3.44 MB\n\n                        <\/td>\n                                                <td  class=\"__dt_col_4 __dt_col __dt_col_download_link\" >\n                            <a class='wpdm-download-link download-on-click btn btn-primary btn-sm' rel='nofollow' href='#' data-downloadurl=\"https:\/\/zcprokuplje.rs\/?wpdmpro=pravilnik-o-blizim-uslovima-za-sticanj&wpdmdl=1893&refresh=69d7c89c723261775749276\">Download<\/a>\n\n                        <\/td>\n                        \n                    <\/tr>\n                \n                    <tr class=\"__dt_row\">\n                                                <td  class=\"__dt_col_0 __dt_col __dt_col_link\" style=\"background-image: url('https:\/\/zcprokuplje.rs\/wp-content\/plugins\/download-manager\/assets\/file-type-icons\/pdf.svg');background-size: 36px;background-position: 5px 8px;background-repeat:  no-repeat;padding-left: 52px;line-height: normal;\">\n                            <div class=\"hidden-md hidden-lg td-mobile\"><\/div>\n\n                        <\/td>\n                                                <td  class=\"__dt_col_1 __dt_col __dt_col_title\" >\n                            <strong>Pravilnik o bli\u017eem ure\u0111enju planiranja nabavki,sprovo\u0111enja postupaka nabavki i pra\u0107enja izvr\u0161enja ugovora o nabavkama u ZC Prokuplje<\/strong><br\/>\n\n                        <\/td>\n                                                <td  class=\"__dt_col_2 __dt_col __dt_col_download_count\" >\n                            <span class=\"hidden-md hidden-lg td-mobile\">Broj preuzimanja: <\/span><span class='__dt_download_count '>3<\/span>\n\n                        <\/td>\n                                                <td  class=\"__dt_col_3 __dt_col __dt_col_file_size\" >\n                            25.62 MB\n\n                        <\/td>\n                                                <td  class=\"__dt_col_4 __dt_col __dt_col_download_link\" >\n                            <a class='wpdm-download-link download-on-click btn btn-primary btn-sm' rel='nofollow' href='#' data-downloadurl=\"https:\/\/zcprokuplje.rs\/?wpdmpro=pravilnik-o-blizem-uredenju-planiranja&wpdmdl=1892&refresh=69d7c89c73bbf1775749276\">Download<\/a>\n\n                        <\/td>\n                        \n                    <\/tr>\n                \n                    <tr class=\"__dt_row\">\n                                                <td  class=\"__dt_col_0 __dt_col __dt_col_link\" style=\"background-image: url('https:\/\/zcprokuplje.rs\/wp-content\/plugins\/download-manager\/assets\/file-type-icons\/pdf.svg');background-size: 36px;background-position: 5px 8px;background-repeat:  no-repeat;padding-left: 52px;line-height: normal;\">\n                            <div class=\"hidden-md hidden-lg td-mobile\"><\/div>\n\n                        <\/td>\n                                                <td  class=\"__dt_col_1 __dt_col __dt_col_title\" >\n                            <strong>Pravilnik o blagajni\u010dkom poslovanju u ZC Prokuplje<\/strong><br\/>\n\n                        <\/td>\n                                                <td  class=\"__dt_col_2 __dt_col __dt_col_download_count\" >\n                            <span class=\"hidden-md hidden-lg td-mobile\">Broj preuzimanja: <\/span><span class='__dt_download_count '>2<\/span>\n\n                        <\/td>\n                                                <td  class=\"__dt_col_3 __dt_col __dt_col_file_size\" >\n                            4.47 MB\n\n                        <\/td>\n                                                <td  class=\"__dt_col_4 __dt_col __dt_col_download_link\" >\n                            <a class='wpdm-download-link download-on-click btn btn-primary btn-sm' rel='nofollow' href='#' data-downloadurl=\"https:\/\/zcprokuplje.rs\/?wpdmpro=pravilnik-o-blagajnickom-poslovanju-u&wpdmdl=1887&refresh=69d7c89c754381775749276\">Download<\/a>\n\n                        <\/td>\n                        \n                    <\/tr>\n                \n                    <tr class=\"__dt_row\">\n                                                <td  class=\"__dt_col_0 __dt_col __dt_col_link\" style=\"background-image: url('https:\/\/zcprokuplje.rs\/wp-content\/plugins\/download-manager\/assets\/file-type-icons\/pdf.svg');background-size: 36px;background-position: 5px 8px;background-repeat:  no-repeat;padding-left: 52px;line-height: normal;\">\n                            <div class=\"hidden-md hidden-lg td-mobile\"><\/div>\n\n                        <\/td>\n                                                <td  class=\"__dt_col_1 __dt_col __dt_col_title\" >\n                            <strong>Pravilnik o bezbednosti i zdravlju na radu  ZC Prokuplje<\/strong><br\/>\n\n                        <\/td>\n                                                <td  class=\"__dt_col_2 __dt_col __dt_col_download_count\" >\n                            <span class=\"hidden-md hidden-lg td-mobile\">Broj preuzimanja: <\/span><span class='__dt_download_count '>1<\/span>\n\n                        <\/td>\n                                                <td  class=\"__dt_col_3 __dt_col __dt_col_file_size\" >\n                            14.57 MB\n\n                        <\/td>\n                                                <td  class=\"__dt_col_4 __dt_col __dt_col_download_link\" >\n                            <a class='wpdm-download-link download-on-click btn btn-primary btn-sm' rel='nofollow' href='#' data-downloadurl=\"https:\/\/zcprokuplje.rs\/?wpdmpro=pravilnik-o-bezbednosti-i-zdravlju-na-r&wpdmdl=1886&refresh=69d7c89c76ca31775749276\">Download<\/a>\n\n                        <\/td>\n                        \n                    <\/tr>\n                \n                    <tr class=\"__dt_row\">\n                                                <td  class=\"__dt_col_0 __dt_col __dt_col_link\" style=\"background-image: url('https:\/\/zcprokuplje.rs\/wp-content\/plugins\/download-manager\/assets\/file-type-icons\/pdf.svg');background-size: 36px;background-position: 5px 8px;background-repeat:  no-repeat;padding-left: 52px;line-height: normal;\">\n                            <div class=\"hidden-md hidden-lg td-mobile\"><\/div>\n\n                        <\/td>\n                                                <td  class=\"__dt_col_1 __dt_col __dt_col_title\" >\n                            <strong>Poslovni kodeks<\/strong><br\/>\n\n                        <\/td>\n                                                <td  class=\"__dt_col_2 __dt_col __dt_col_download_count\" >\n                            <span class=\"hidden-md hidden-lg td-mobile\">Broj preuzimanja: <\/span><span class='__dt_download_count '>2<\/span>\n\n                        <\/td>\n                                                <td  class=\"__dt_col_3 __dt_col __dt_col_file_size\" >\n                            8.42 MB\n\n                        <\/td>\n                                                <td  class=\"__dt_col_4 __dt_col __dt_col_download_link\" >\n                            <a class='wpdm-download-link download-on-click btn btn-primary btn-sm' rel='nofollow' href='#' data-downloadurl=\"https:\/\/zcprokuplje.rs\/?wpdmpro=poslovni-kodeks&wpdmdl=1875&refresh=69d7c89c785381775749276\">Download<\/a>\n\n                        <\/td>\n                        \n                    <\/tr>\n                                        <\/tbody>\n        <\/table>\n\n        <div class='text-center'><ul class='pagination wpdm-pagination pagination-centered text-center'><\/ul><\/div>\n    <\/div>\n<\/div>\n\t\t\t\t<\/div>\n\t\t\t\t<\/div>\n\t\t\t\t\t<\/div>\n\t\t\t\t<\/div>\n\t\t\t\t<\/div>\n\t\t","protected":false},"excerpt":{"rendered":"<p>&nbsp; PRAVNA AKTA ZC PROKUPLJE Tip Naziv Broj preuzimanja Veli\u010dina fajla Preuzimanje Pravilnik o za\u0161titi podataka o li\u010dnosti Broj preuzimanja: 3 4.86 MB Download Pravilnik o bli\u017eim uslovima za sticanje prava na solidarnu pomo\u0107 za zaposlene u ZC Prokuplje Broj preuzimanja: 11 3.44 MB Download Pravilnik o bli\u017eem ure\u0111enju planiranja nabavki,sprovo\u0111enja postupaka nabavki i pra\u0107enja [&hellip;]<\/p>\n","protected":false},"author":1,"featured_media":0,"parent":0,"menu_order":0,"comment_status":"closed","ping_status":"closed","template":"full-width.php","meta":{"_acf_changed":false,"footnotes":""},"class_list":["post-1811","page","type-page","status-publish","hentry"],"acf":[],"_links":{"self":[{"href":"https:\/\/zcprokuplje.rs\/index.php?rest_route=\/wp\/v2\/pages\/1811","targetHints":{"allow":["GET"]}}],"collection":[{"href":"https:\/\/zcprokuplje.rs\/index.php?rest_route=\/wp\/v2\/pages"}],"about":[{"href":"https:\/\/zcprokuplje.rs\/index.php?rest_route=\/wp\/v2\/types\/page"}],"author":[{"embeddable":true,"href":"https:\/\/zcprokuplje.rs\/index.php?rest_route=\/wp\/v2\/users\/1"}],"replies":[{"embeddable":true,"href":"https:\/\/zcprokuplje.rs\/index.php?rest_route=%2Fwp%2Fv2%2Fcomments&post=1811"}],"version-history":[{"count":23,"href":"https:\/\/zcprokuplje.rs\/index.php?rest_route=\/wp\/v2\/pages\/1811\/revisions"}],"predecessor-version":[{"id":1915,"href":"https:\/\/zcprokuplje.rs\/index.php?rest_route=\/wp\/v2\/pages\/1811\/revisions\/1915"}],"wp:attachment":[{"href":"https:\/\/zcprokuplje.rs\/index.php?rest_route=%2Fwp%2Fv2%2Fmedia&parent=1811"}],"curies":[{"name":"wp","href":"https:\/\/api.w.org\/{rel}","templated":true}]}}